{"id":2,"date":"2022-02-25T10:24:23","date_gmt":"2022-02-25T09:24:23","guid":{"rendered":"http:\/\/accessit.ch\/?page_id=2"},"modified":"2023-03-09T15:29:22","modified_gmt":"2023-03-09T14:29:22","slug":"photos-noir-blanc","status":"publish","type":"page","link":"https:\/\/accessit.ch\/","title":{"rendered":"Accueil"},"content":{"rendered":"\n<p class=\"has-text-align-center has-text-color\" style=\"color:#ff001a;font-size:28px\"><strong><em>Images d&rsquo;ici et d&rsquo;ailleurs<\/em><\/strong><\/p>\n\n\n\n<p class=\"has-text-align-left has-text-color\" style=\"color:#ff001a\"><em>D\u00e9couvertes au gr\u00e9 de balades, voyages, randonn\u00e9es et observations dans la nature.<\/em><\/p>\n\n\n\n<figure class=\"wp-block-image size-full\"><img loading=\"lazy\" decoding=\"async\" width=\"1024\" height=\"683\" src=\"https:\/\/accessit.ch\/wp-content\/uploads\/2023\/03\/aigr_garz7_az.jpg\" alt=\"\" class=\"wp-image-292\" srcset=\"https:\/\/accessit.ch\/wp-content\/uploads\/2023\/03\/aigr_garz7_az.jpg 1024w, https:\/\/accessit.ch\/wp-content\/uploads\/2023\/03\/aigr_garz7_az-300x200.jpg 300w, https:\/\/accessit.ch\/wp-content\/uploads\/2023\/03\/aigr_garz7_az-768x512.jpg 768w\" sizes=\"auto, (max-width: 1024px) 100vw, 1024px\" \/><figcaption class=\"wp-element-caption\">Aigrette  garzette<\/figcaption><\/figure>\n\n\n<div class=\"wp-block-image\">\n<figure class=\"aligncenter size-full is-resized\"><img loading=\"lazy\" decoding=\"async\" src=\"https:\/\/accessit.ch\/wp-content\/uploads\/2022\/07\/buse_v1_o1z.jpg\" alt=\"\" class=\"wp-image-284\" width=\"1024\" height=\"663\"\/><figcaption class=\"wp-element-caption\">Buse  variable<\/figcaption><\/figure>\n<\/div>\n\n\n<figure class=\"wp-block-image size-full is-resized\"><img loading=\"lazy\" decoding=\"async\" src=\"https:\/\/accessit.ch\/wp-content\/uploads\/2023\/03\/heron22-20_a.jpg\" alt=\"\" class=\"wp-image-300\" width=\"1024\" height=\"683\" srcset=\"https:\/\/accessit.ch\/wp-content\/uploads\/2023\/03\/heron22-20_a.jpg 1885w, https:\/\/accessit.ch\/wp-content\/uploads\/2023\/03\/heron22-20_a-300x200.jpg 300w, https:\/\/accessit.ch\/wp-content\/uploads\/2023\/03\/heron22-20_a-1024x683.jpg 1024w, https:\/\/accessit.ch\/wp-content\/uploads\/2023\/03\/heron22-20_a-768x512.jpg 768w, https:\/\/accessit.ch\/wp-content\/uploads\/2023\/03\/heron22-20_a-1536x1024.jpg 1536w\" sizes=\"auto, (max-width: 1024px) 100vw, 1024px\" \/><figcaption class=\"wp-element-caption\">H\u00e9ron cendr\u00e9<\/figcaption><\/figure>\n\n\n\n<h2 class=\"has-text-align-center wp-block-heading\"><a href=\"https:\/\/accessit.ch\/index.php\/herons\/\" target=\"_blank\" rel=\"noreferrer noopener\">D&rsquo;autres h\u00e9rons<\/a><\/h2>\n\n\n\n<p><\/p>\n","protected":false},"excerpt":{"rendered":"<p>Images d&rsquo;ici et d&rsquo;ailleurs D\u00e9couvertes au gr\u00e9 de balades, voyages, randonn\u00e9es et observations dans la nature. D&rsquo;autres h\u00e9rons<\/p>\n","protected":false},"author":2,"featured_media":90,"parent":0,"menu_order":0,"comment_status":"closed","ping_status":"closed","template":"page-templates\/medium.php","meta":{"footnotes":""},"class_list":["post-2","page","type-page","status-publish","has-post-thumbnail","hentry"],"yoast_head":"<!-- This site is optimized with the Yoast SEO plugin v27.3 - https:\/\/yoast.com\/product\/yoast-seo-wordpress\/ -->\n<title>Accueil - Photos noir-blanc... et couleur<\/title>\n<meta name=\"description\" content=\"Photos noir-blanc et couleur.\" \/>\n<meta name=\"robots\" content=\"index, follow, max-snippet:-1, max-image-preview:large, max-video-preview:-1\" \/>\n<link rel=\"canonical\" href=\"https:\/\/accessit.ch\/\" \/>\n<meta property=\"og:locale\" content=\"fr_FR\" \/>\n<meta property=\"og:type\" content=\"article\" \/>\n<meta property=\"og:title\" content=\"Accueil - Photos noir-blanc... et couleur\" \/>\n<meta property=\"og:description\" content=\"Photos noir-blanc et couleur.\" \/>\n<meta property=\"og:url\" content=\"https:\/\/accessit.ch\/\" \/>\n<meta property=\"og:site_name\" content=\"Photos noir-blanc... et couleur\" \/>\n<meta property=\"article:modified_time\" content=\"2023-03-09T14:29:22+00:00\" \/>\n<meta property=\"og:image\" content=\"https:\/\/accessit.ch\/wp-content\/uploads\/2022\/03\/merle_m_oz.jpg\" \/>\n\t<meta property=\"og:image:width\" content=\"1024\" \/>\n\t<meta property=\"og:image:height\" content=\"188\" \/>\n\t<meta property=\"og:image:type\" content=\"image\/jpeg\" \/>\n<meta name=\"twitter:card\" content=\"summary_large_image\" \/>\n<meta name=\"twitter:label1\" content=\"Dur\u00e9e de lecture estim\u00e9e\" \/>\n\t<meta name=\"twitter:data1\" content=\"1 minute\" \/>\n<script type=\"application\/ld+json\" class=\"yoast-schema-graph\">{\"@context\":\"https:\\\/\\\/schema.org\",\"@graph\":[{\"@type\":\"WebPage\",\"@id\":\"https:\\\/\\\/accessit.ch\\\/\",\"url\":\"https:\\\/\\\/accessit.ch\\\/\",\"name\":\"Accueil - Photos noir-blanc... et couleur\",\"isPartOf\":{\"@id\":\"https:\\\/\\\/accessit.ch\\\/#website\"},\"primaryImageOfPage\":{\"@id\":\"https:\\\/\\\/accessit.ch\\\/#primaryimage\"},\"image\":{\"@id\":\"https:\\\/\\\/accessit.ch\\\/#primaryimage\"},\"thumbnailUrl\":\"https:\\\/\\\/accessit.ch\\\/wp-content\\\/uploads\\\/2022\\\/03\\\/merle_m_oz.jpg\",\"datePublished\":\"2022-02-25T09:24:23+00:00\",\"dateModified\":\"2023-03-09T14:29:22+00:00\",\"description\":\"Photos noir-blanc et couleur.\",\"breadcrumb\":{\"@id\":\"https:\\\/\\\/accessit.ch\\\/#breadcrumb\"},\"inLanguage\":\"fr-FR\",\"potentialAction\":[{\"@type\":\"ReadAction\",\"target\":[\"https:\\\/\\\/accessit.ch\\\/\"]}]},{\"@type\":\"ImageObject\",\"inLanguage\":\"fr-FR\",\"@id\":\"https:\\\/\\\/accessit.ch\\\/#primaryimage\",\"url\":\"https:\\\/\\\/accessit.ch\\\/wp-content\\\/uploads\\\/2022\\\/03\\\/merle_m_oz.jpg\",\"contentUrl\":\"https:\\\/\\\/accessit.ch\\\/wp-content\\\/uploads\\\/2022\\\/03\\\/merle_m_oz.jpg\",\"width\":1024,\"height\":188},{\"@type\":\"BreadcrumbList\",\"@id\":\"https:\\\/\\\/accessit.ch\\\/#breadcrumb\",\"itemListElement\":[{\"@type\":\"ListItem\",\"position\":1,\"name\":\"Accueil\",\"item\":\"https:\\\/\\\/accessit.ch\\\/\"},{\"@type\":\"ListItem\",\"position\":2,\"name\":\"Accueil\"}]},{\"@type\":\"WebSite\",\"@id\":\"https:\\\/\\\/accessit.ch\\\/#website\",\"url\":\"https:\\\/\\\/accessit.ch\\\/\",\"name\":\"Photos noir-blanc... et couleur\",\"description\":\"Photos noir blanc : nature, oiseaux, paysages, sc\u00e8nes\",\"publisher\":{\"@id\":\"https:\\\/\\\/accessit.ch\\\/#\\\/schema\\\/person\\\/5aabe809d44dfd06ef03de0be366d81e\"},\"potentialAction\":[{\"@type\":\"SearchAction\",\"target\":{\"@type\":\"EntryPoint\",\"urlTemplate\":\"https:\\\/\\\/accessit.ch\\\/?s={search_term_string}\"},\"query-input\":{\"@type\":\"PropertyValueSpecification\",\"valueRequired\":true,\"valueName\":\"search_term_string\"}}],\"inLanguage\":\"fr-FR\"},{\"@type\":[\"Person\",\"Organization\"],\"@id\":\"https:\\\/\\\/accessit.ch\\\/#\\\/schema\\\/person\\\/5aabe809d44dfd06ef03de0be366d81e\",\"name\":\"F\",\"image\":{\"@type\":\"ImageObject\",\"inLanguage\":\"fr-FR\",\"@id\":\"https:\\\/\\\/accessit.ch\\\/wp-content\\\/uploads\\\/2022\\\/03\\\/ac_nb_r.jpg\",\"url\":\"https:\\\/\\\/accessit.ch\\\/wp-content\\\/uploads\\\/2022\\\/03\\\/ac_nb_r.jpg\",\"contentUrl\":\"https:\\\/\\\/accessit.ch\\\/wp-content\\\/uploads\\\/2022\\\/03\\\/ac_nb_r.jpg\",\"width\":253,\"height\":130,\"caption\":\"F\"},\"logo\":{\"@id\":\"https:\\\/\\\/accessit.ch\\\/wp-content\\\/uploads\\\/2022\\\/03\\\/ac_nb_r.jpg\"}}]}<\/script>\n<!-- \/ Yoast SEO plugin. -->","yoast_head_json":{"title":"Accueil - Photos noir-blanc... et couleur","description":"Photos noir-blanc et couleur.","robots":{"index":"index","follow":"follow","max-snippet":"max-snippet:-1","max-image-preview":"max-image-preview:large","max-video-preview":"max-video-preview:-1"},"canonical":"https:\/\/accessit.ch\/","og_locale":"fr_FR","og_type":"article","og_title":"Accueil - Photos noir-blanc... et couleur","og_description":"Photos noir-blanc et couleur.","og_url":"https:\/\/accessit.ch\/","og_site_name":"Photos noir-blanc... et couleur","article_modified_time":"2023-03-09T14:29:22+00:00","og_image":[{"width":1024,"height":188,"url":"https:\/\/accessit.ch\/wp-content\/uploads\/2022\/03\/merle_m_oz.jpg","type":"image\/jpeg"}],"twitter_card":"summary_large_image","twitter_misc":{"Dur\u00e9e de lecture estim\u00e9e":"1 minute"},"schema":{"@context":"https:\/\/schema.org","@graph":[{"@type":"WebPage","@id":"https:\/\/accessit.ch\/","url":"https:\/\/accessit.ch\/","name":"Accueil - Photos noir-blanc... et couleur","isPartOf":{"@id":"https:\/\/accessit.ch\/#website"},"primaryImageOfPage":{"@id":"https:\/\/accessit.ch\/#primaryimage"},"image":{"@id":"https:\/\/accessit.ch\/#primaryimage"},"thumbnailUrl":"https:\/\/accessit.ch\/wp-content\/uploads\/2022\/03\/merle_m_oz.jpg","datePublished":"2022-02-25T09:24:23+00:00","dateModified":"2023-03-09T14:29:22+00:00","description":"Photos noir-blanc et couleur.","breadcrumb":{"@id":"https:\/\/accessit.ch\/#breadcrumb"},"inLanguage":"fr-FR","potentialAction":[{"@type":"ReadAction","target":["https:\/\/accessit.ch\/"]}]},{"@type":"ImageObject","inLanguage":"fr-FR","@id":"https:\/\/accessit.ch\/#primaryimage","url":"https:\/\/accessit.ch\/wp-content\/uploads\/2022\/03\/merle_m_oz.jpg","contentUrl":"https:\/\/accessit.ch\/wp-content\/uploads\/2022\/03\/merle_m_oz.jpg","width":1024,"height":188},{"@type":"BreadcrumbList","@id":"https:\/\/accessit.ch\/#breadcrumb","itemListElement":[{"@type":"ListItem","position":1,"name":"Accueil","item":"https:\/\/accessit.ch\/"},{"@type":"ListItem","position":2,"name":"Accueil"}]},{"@type":"WebSite","@id":"https:\/\/accessit.ch\/#website","url":"https:\/\/accessit.ch\/","name":"Photos noir-blanc... et couleur","description":"Photos noir blanc : nature, oiseaux, paysages, sc\u00e8nes","publisher":{"@id":"https:\/\/accessit.ch\/#\/schema\/person\/5aabe809d44dfd06ef03de0be366d81e"},"potentialAction":[{"@type":"SearchAction","target":{"@type":"EntryPoint","urlTemplate":"https:\/\/accessit.ch\/?s={search_term_string}"},"query-input":{"@type":"PropertyValueSpecification","valueRequired":true,"valueName":"search_term_string"}}],"inLanguage":"fr-FR"},{"@type":["Person","Organization"],"@id":"https:\/\/accessit.ch\/#\/schema\/person\/5aabe809d44dfd06ef03de0be366d81e","name":"F","image":{"@type":"ImageObject","inLanguage":"fr-FR","@id":"https:\/\/accessit.ch\/wp-content\/uploads\/2022\/03\/ac_nb_r.jpg","url":"https:\/\/accessit.ch\/wp-content\/uploads\/2022\/03\/ac_nb_r.jpg","contentUrl":"https:\/\/accessit.ch\/wp-content\/uploads\/2022\/03\/ac_nb_r.jpg","width":253,"height":130,"caption":"F"},"logo":{"@id":"https:\/\/accessit.ch\/wp-content\/uploads\/2022\/03\/ac_nb_r.jpg"}}]}},"_links":{"self":[{"href":"https:\/\/accessit.ch\/index.php\/wp-json\/wp\/v2\/pages\/2","targetHints":{"allow":["GET"]}}],"collection":[{"href":"https:\/\/accessit.ch\/index.php\/wp-json\/wp\/v2\/pages"}],"about":[{"href":"https:\/\/accessit.ch\/index.php\/wp-json\/wp\/v2\/types\/page"}],"author":[{"embeddable":true,"href":"https:\/\/accessit.ch\/index.php\/wp-json\/wp\/v2\/users\/2"}],"replies":[{"embeddable":true,"href":"https:\/\/accessit.ch\/index.php\/wp-json\/wp\/v2\/comments?post=2"}],"version-history":[{"count":40,"href":"https:\/\/accessit.ch\/index.php\/wp-json\/wp\/v2\/pages\/2\/revisions"}],"predecessor-version":[{"id":301,"href":"https:\/\/accessit.ch\/index.php\/wp-json\/wp\/v2\/pages\/2\/revisions\/301"}],"wp:featuredmedia":[{"embeddable":true,"href":"https:\/\/accessit.ch\/index.php\/wp-json\/wp\/v2\/media\/90"}],"wp:attachment":[{"href":"https:\/\/accessit.ch\/index.php\/wp-json\/wp\/v2\/media?parent=2"}],"curies":[{"name":"wp","href":"https:\/\/api.w.org\/{rel}","templated":true}]}}